{"id":73,"date":"2025-07-09T12:15:29","date_gmt":"2025-07-09T09:15:29","guid":{"rendered":"https:\/\/ayainstalexpert.ro\/?page_id=73"},"modified":"2025-07-30T10:59:13","modified_gmt":"2025-07-30T07:59:13","slug":"despre-noi","status":"publish","type":"page","link":"https:\/\/ayainstalexpert.ro\/index.php\/despre-noi\/","title":{"rendered":"Despre noi"},"content":{"rendered":"\n<div class=\"wp-block-essential-blocks-wrapper alignfull  root-eb-wrapper-gzn8296\"><div class=\"eb-parent-wrapper eb-parent-eb-wrapper-gzn8296 \"><div class=\"eb-wrapper-outer eb-wrapper-gzn8296\"><div class=\"eb-wrapper-inner\"><div class=\"eb-wrapper-inner-blocks eb-wrapper-align-center\">\n<div class=\"wp-block-essential-blocks-row alignfull  root-eb-row-9jhy8vv\"><div class=\"eb-parent-wrapper eb-parent-eb-row-9jhy8vv \"><div class=\"eb-row-root-container eb-row-9jhy8vv\" data-id=\"eb-row-9jhy8vv\"><div class=\"eb-row-wrapper\"><div class=\"eb-row-inner\">\n<div class=\"wp-block-essential-blocks-column  root-eb-column-at353w7\"><div class=\"eb-parent-wrapper eb-parent-eb-column-at353w7 \"><div class=\"eb-column-wrapper eb-column-at353w7\"><div class=\"eb-column-inner\">\n<div class=\"wp-block-uagb-image uagb-block-ae0fdbee wp-block-uagb-image--layout-default wp-block-uagb-image--effect-static wp-block-uagb-image--align-none\"><figure class=\"wp-block-uagb-image__figure\"><img decoding=\"async\" srcset=\"https:\/\/ayainstalexpert.ro\/wp-content\/uploads\/2025\/07\/IMG-20250729-WA0014-1.jpg ,https:\/\/ayainstalexpert.ro\/wp-content\/uploads\/2025\/07\/IMG-20250729-WA0014-1.jpg 780w, https:\/\/ayainstalexpert.ro\/wp-content\/uploads\/2025\/07\/IMG-20250729-WA0014-1.jpg 360w\" sizes=\"auto, (max-width: 480px) 150px\" src=\"https:\/\/ayainstalexpert.ro\/wp-content\/uploads\/2025\/07\/IMG-20250729-WA0014-1.jpg\" alt=\"\" class=\"uag-image-251\" width=\"1700\" height=\"500\" title=\"IMG-20250729-WA0014\" loading=\"lazy\" role=\"img\"\/><\/figure><\/div>\n<\/div><\/div><\/div><\/div>\n\n\n\n<div class=\"wp-block-essential-blocks-column  root-eb-column-mvgilwz\"><div class=\"eb-parent-wrapper eb-parent-eb-column-mvgilwz eb_animation eb___animated eb___fadeInRight\"><div class=\"eb-column-wrapper eb-column-mvgilwz\"><div class=\"eb-column-inner\">\n<div class=\"wp-block-essential-blocks-advanced-heading  root-eb-advance-heading-kklzqz8\"><div class=\"eb-parent-wrapper eb-parent-eb-advance-heading-kklzqz8 \"><div class=\"eb-advance-heading-wrapper eb-advance-heading-kklzqz8 button-1 undefined\" data-id=\"eb-advance-heading-kklzqz8\"><h2 class=\"eb-ah-title\"><span class=\"first-title\">Compania a fost \u00eenfiin\u021bat\u0103 \u00een anul 2025.<\/span><\/h2><p class=\"eb-ah-subtitle\">La AYA INSTAL EXPERT aducem confortul \u0219i siguran\u021ba \u00een locuin\u021ba ta prin servicii complete de instala\u021bii electrice, sanitare \u0219i termice.<br> <br>Lucr\u0103m cu responsabilitate \u0219i aten\u021bie la detalii, oferind solu\u021bii personalizate pentru fiecare proiect, de la montaj pompe de c\u0103ldur\u0103 \u0219i \u00eenc\u0103lzire \u00een pardoseal\u0103, p\u00e2n\u0103 la instala\u021bii electrice \u0219i aer condi\u021bionat. <br><br>Aleg\u00e2ndu-ne pe noi, alegi calitatea, promptitudinea \u0219i lini\u0219tea c\u0103 lucr\u0103rile tale sunt pe m\u00e2inile exper\u021bilor.<br><br>Instala\u021bii electrice, sanitare \u0219i termice realizate cu grij\u0103 \u0219i profesionalism. La AYA INSTAL EXPERT, transform\u0103m confortul casei tale \u00een prioritatea noastr\u0103.<\/p><\/div><\/div><\/div>\n<\/div><\/div><\/div><\/div>\n<\/div><\/div><\/div><\/div><\/div>\n<\/div><\/div><\/div><\/div><\/div>\n\n\n\n<div class=\"wp-block-essential-blocks-wrapper alignfull  root-eb-wrapper-o0d1krc\"><div class=\"eb-parent-wrapper eb-parent-eb-wrapper-o0d1krc \"><div class=\"eb-wrapper-outer eb-wrapper-o0d1krc\"><div class=\"eb-wrapper-inner\"><div class=\"eb-wrapper-inner-blocks eb-wrapper-align-center\">\n<div class=\"wp-block-essential-blocks-advanced-heading  root-eb-advance-heading-2sqtp0l\" id=\"solution\"><div class=\"eb-parent-wrapper eb-parent-eb-advance-heading-2sqtp0l eb_animation eb___animated eb___fadeInUp\"><div class=\"eb-advance-heading-wrapper eb-advance-heading-2sqtp0l preset-1 undefined\" data-id=\"eb-advance-heading-2sqtp0l\"><h2 class=\"eb-ah-title\"><span class=\"first-title\"><\/span><\/h2><p class=\"eb-ah-subtitle\">Misiunea AYA INSTAL EXPERT<\/p><div class=\"eb-ah-separator line\"><\/div><\/div><\/div><\/div>\n\n\n\n<div class=\"wp-block-essential-blocks-row alignfull  root-eb-row-prmkboa\"><div class=\"eb-parent-wrapper eb-parent-eb-row-prmkboa \"><div class=\"eb-row-root-container eb-row-prmkboa\" data-id=\"eb-row-prmkboa\"><div class=\"eb-row-wrapper\"><div class=\"eb-row-inner\">\n<div class=\"wp-block-essential-blocks-column  root-eb-column-trwta1r\"><div class=\"eb-parent-wrapper eb-parent-eb-column-trwta1r \"><div class=\"eb-column-wrapper eb-column-trwta1r\"><div class=\"eb-column-inner\">\n<div class=\"wp-block-essential-blocks-infobox  root-eb-infobox-sz609hm\"><div class=\"eb-parent-wrapper eb-parent-eb-infobox-sz609hm eb_animation eb___animated eb___fadeInLeft\"><div class=\"eb-infobox-sz609hm eb-infobox-wrapper\"><div class=\"infobox-wrapper-inner\"><div class=\"icon-img-wrapper\"><div class=\"eb-infobox-image-wrapper\"><div class=\"eb-image-wrapper\"><div class=\"eb-image-wrapper-inner eb-infobox-image\"><img decoding=\"async\" src=\"https:\/\/ayainstalexpert.ro\/wp-content\/uploads\/2023\/11\/deardoc-info-icon-01.png\" alt=\"\"\/><\/div><\/div><\/div><\/div><div class=\"contents-wrapper\"><h2 class=\"title\">S\u0103 oferim servicii de instala\u021bii electrice, sanitare \u0219i termice la cele mai \u00eenalte standarde de calitate, siguran\u021b\u0103 \u0219i eficien\u021b\u0103, adaptate nevoilor fiec\u0103rui client.<\/h2><\/div><\/div><\/div><\/div><\/div>\n<\/div><\/div><\/div><\/div>\n\n\n\n<div class=\"wp-block-essential-blocks-column  root-eb-column-t0jego2\"><div class=\"eb-parent-wrapper eb-parent-eb-column-t0jego2 \"><div class=\"eb-column-wrapper eb-column-t0jego2\"><div class=\"eb-column-inner\">\n<div class=\"wp-block-essential-blocks-infobox  root-eb-infobox-c26xi8y\"><div class=\"eb-parent-wrapper eb-parent-eb-infobox-c26xi8y eb_animation eb___animated eb___fadeInLeft\"><div class=\"eb-infobox-c26xi8y eb-infobox-wrapper\"><div class=\"infobox-wrapper-inner\"><div class=\"icon-img-wrapper\"><div class=\"eb-infobox-image-wrapper\"><div class=\"eb-image-wrapper\"><div class=\"eb-image-wrapper-inner eb-infobox-image\"><img decoding=\"async\" src=\"https:\/\/ayainstalexpert.ro\/wp-content\/uploads\/2023\/11\/deardoc-info-icon-03.png\" alt=\"\"\/><\/div><\/div><\/div><\/div><div class=\"contents-wrapper\"><h2 class=\"title\">Ne propunem s\u0103 contribuim la confortul, siguran\u021ba \u0219i sustenabilitatea locuin\u021belor \u0219i spa\u021biilor comerciale din comunitatea noastr\u0103.<\/h2><\/div><\/div><\/div><\/div><\/div>\n<\/div><\/div><\/div><\/div>\n<\/div><\/div><\/div><\/div><\/div>\n<\/div><\/div><\/div><\/div><\/div>\n\n\n\n<div class=\"wp-block-stackable-heading stk-block-heading stk-block-heading--v2 stk-block stk-428276c\" id=\"valorile-aya-instal-expert\" data-block-id=\"428276c\"><style>.stk-428276c {margin-bottom:1px !important;}.stk-428276c .stk-block-heading__text{font-size:35px !important;font-family:\"Poppins\", Sans-serif !important;}@media screen and (max-width: 1023px){.stk-428276c .stk-block-heading__text{font-size:35px !important;}}<\/style><h2 class=\"stk-block-heading__text has-text-align-center\">Valorile AYA INSTAL EXPERT<\/h2><\/div>\n\n\n\n<div id=\"wp-block-themeisle-blocks-advanced-columns-b4146d26\" class=\"wp-block-themeisle-blocks-advanced-columns alignfull has-3-columns has-desktop-equal-layout has-tablet-equal-layout has-mobile-collapsedRows-layout has-vertical-center ticss-c00aadba\"><div class=\"wp-block-themeisle-blocks-advanced-columns-overlay\"><\/div><div class=\"innerblocks-wrap\">\n<div id=\"wp-block-themeisle-blocks-advanced-column-18fe4a0a\" class=\"wp-block-themeisle-blocks-advanced-column has-dark-bg\">\n<h3 id=\"wp-block-themeisle-blocks-advanced-heading-788243ec\" class=\"wp-block-themeisle-blocks-advanced-heading wp-block-themeisle-blocks-advanced-heading-788243ec\"><strong>Calitate \u0219i profesionalism<\/strong><\/h3>\n\n\n\n<p class=\"has-text-align-center has-poppins-font-family\" style=\"font-size:21px\">Punem accent pe lucr\u0103ri executate corect, durabile \u0219i la standarde ridicate, utiliz\u00e2nd materiale de calitate \u0219i respect\u00e2nd normele \u00een vigoare.<\/p>\n<\/div>\n\n\n\n<div id=\"wp-block-themeisle-blocks-advanced-column-b86925fa\" class=\"wp-block-themeisle-blocks-advanced-column has-dark-bg\">\n<h3 id=\"wp-block-themeisle-blocks-advanced-heading-77194bee\" class=\"wp-block-themeisle-blocks-advanced-heading wp-block-themeisle-blocks-advanced-heading-77194bee\"><strong>Siguran\u021b\u0103 \u0219i responsabilitate<\/strong><\/h3>\n\n\n\n<p class=\"has-text-align-center has-poppins-font-family\" style=\"font-size:21px\">Siguran\u021ba instala\u021biilor \u0219i a beneficiarilor este prioritatea noastr\u0103. Respect\u0103m cu stricte\u021be regulamentele tehnice \u0219i legisla\u021bia \u00een domeniu.<\/p>\n<\/div>\n\n\n\n<div id=\"wp-block-themeisle-blocks-advanced-column-d194c3b0\" class=\"wp-block-themeisle-blocks-advanced-column has-dark-bg\">\n<h3 id=\"wp-block-themeisle-blocks-advanced-heading-9d66dcad\" class=\"wp-block-themeisle-blocks-advanced-heading wp-block-themeisle-blocks-advanced-heading-9d66dcad\"><strong>Respect fa\u021b\u0103 de client<\/strong><\/h3>\n\n\n\n<p class=\"has-text-align-center has-poppins-font-family\" style=\"font-size:21px\">Ascult\u0103m cu aten\u021bie dorin\u021bele clien\u021bilor no\u0219tri \u0219i oferim solu\u021bii personalizate, transparente \u0219i corecte.<br><\/p>\n\n\n\n<div style=\"height:120px\" aria-hidden=\"true\" class=\"wp-block-spacer\"><\/div>\n<\/div>\n<\/div><\/div>\n\n\n\n<div id=\"wp-block-themeisle-blocks-advanced-columns-1420a32f\" class=\"wp-block-themeisle-blocks-advanced-columns alignfull has-3-columns has-desktop-equal-layout has-tablet-equal-layout has-mobile-collapsedRows-layout has-vertical-center ticss-c00aadba has-light-bg\"><div class=\"wp-block-themeisle-blocks-advanced-columns-overlay\"><\/div><div class=\"innerblocks-wrap\">\n<div id=\"wp-block-themeisle-blocks-advanced-column-4923d1b0\" class=\"wp-block-themeisle-blocks-advanced-column has-dark-bg\">\n<h3 id=\"wp-block-themeisle-blocks-advanced-heading-6c280c91\" class=\"wp-block-themeisle-blocks-advanced-heading wp-block-themeisle-blocks-advanced-heading-6c280c91\"><strong>Promptitudine \u0219i seriozitate<\/strong><\/h3>\n\n\n\n<p class=\"has-text-align-center has-poppins-font-family\" style=\"font-size:21px\">Respect\u0103m termenele asumate \u0219i trat\u0103m fiecare proiect cu maxim\u0103 seriozitate, fie el mic sau mare.<\/p>\n<\/div>\n\n\n\n<div id=\"wp-block-themeisle-blocks-advanced-column-ea57e20a\" class=\"wp-block-themeisle-blocks-advanced-column has-dark-bg\">\n<h3 id=\"wp-block-themeisle-blocks-advanced-heading-5b263378\" class=\"wp-block-themeisle-blocks-advanced-heading wp-block-themeisle-blocks-advanced-heading-5b263378\"><strong>Dezvoltare continu\u0103<\/strong><\/h3>\n\n\n\n<p class=\"has-text-align-center has-poppins-font-family\" style=\"font-size:21px\">Investim \u00een noi \u0219i urm\u0103rim cele mai noi tehnologii \u0219i solu\u021bii din domeniul instala\u021biilor, pentru a putea oferi servicii moderne \u0219i eficiente energetic.<\/p>\n<\/div>\n\n\n\n<div id=\"wp-block-themeisle-blocks-advanced-column-d32bfd2c\" class=\"wp-block-themeisle-blocks-advanced-column has-dark-bg\">\n<h3 id=\"wp-block-themeisle-blocks-advanced-heading-82605185\" class=\"wp-block-themeisle-blocks-advanced-heading wp-block-themeisle-blocks-advanced-heading-82605185\"><strong>Sustenabilitate<\/strong><\/h3>\n\n\n\n<p class=\"has-text-align-center has-poppins-font-family\" style=\"font-size:21px\">Promov\u0103m solu\u021bii prietenoase cu mediul, cum sunt pompele de c\u0103ldur\u0103 \u0219i sistemele eficiente energetic, pentru un viitor mai verde.<br><\/p>\n\n\n\n<div style=\"height:39px\" aria-hidden=\"true\" class=\"wp-block-spacer\"><\/div>\n<\/div>\n<\/div><\/div>\n\n\n\n<div class=\"wp-block-essential-blocks-wrapper alignfull  root-eb-wrapper-zxvmq39\"><div class=\"eb-parent-wrapper eb-parent-eb-wrapper-zxvmq39 \"><div class=\"eb-wrapper-outer eb-wrapper-zxvmq39\"><div class=\"eb-wrapper-inner\"><div class=\"eb-wrapper-inner-blocks eb-wrapper-align-center\">\n<div class=\"wp-block-essential-blocks-wrapper  root-eb-wrapper-viwpfc4\"><div class=\"eb-parent-wrapper eb-parent-eb-wrapper-viwpfc4 \"><div class=\"eb-wrapper-outer eb-wrapper-viwpfc4\"><div class=\"eb-wrapper-inner\"><div class=\"eb-wrapper-inner-blocks eb-wrapper-align-center\">\n<div class=\"wp-block-essential-blocks-advanced-heading  root-eb-advance-heading-30k25ec\"><div class=\"eb-parent-wrapper eb-parent-eb-advance-heading-30k25ec eb_animation eb___animated eb___fadeInUp\"><div class=\"eb-advance-heading-wrapper eb-advance-heading-30k25ec button-1 undefined\" data-id=\"eb-advance-heading-30k25ec\"><h2 class=\"eb-ah-title\"><span class=\"first-title\">Sloganul nostru<\/span><\/h2><\/div><\/div><\/div>\n\n\n\n<div class=\"wp-block-essential-blocks-advanced-heading  root-eb-advance-heading-0s9j0n2\"><div class=\"eb-parent-wrapper eb-parent-eb-advance-heading-0s9j0n2 eb_animation eb___animated eb___fadeInUp\"><div class=\"eb-advance-heading-wrapper eb-advance-heading-0s9j0n2 button-1 undefined\" data-id=\"eb-advance-heading-0s9j0n2\"><p class=\"eb-ah-title\"><span class=\"first-title\">\u201eConfort \u0219i siguran\u021b\u0103, solu\u021bii eficiente pentru casa ta!\u201d<\/span><\/p><\/div><\/div><\/div>\n<\/div><\/div><\/div><\/div><\/div>\n<\/div><\/div><\/div><\/div><\/div>\n","protected":false},"excerpt":{"rendered":"<p>Valorile AYA INSTAL EXPERT<\/p>\n","protected":false},"author":1,"featured_media":0,"parent":0,"menu_order":0,"comment_status":"closed","ping_status":"closed","template":"","meta":{"_eb_attr":"","_uag_custom_page_level_css":"","_themeisle_gutenberg_block_has_review":false,"footnotes":""},"class_list":["post-73","page","type-page","status-publish","hentry"],"featured_image_src":null,"uagb_featured_image_src":{"full":false,"thumbnail":false,"medium":false,"medium_large":false,"large":false,"1536x1536":false,"2048x2048":false},"uagb_author_info":{"display_name":"admin","author_link":"https:\/\/ayainstalexpert.ro\/index.php\/author\/ayainsta\/"},"uagb_comment_info":0,"uagb_excerpt":"Valorile AYA INSTAL EXPERT","_links":{"self":[{"href":"https:\/\/ayainstalexpert.ro\/index.php\/wp-json\/wp\/v2\/pages\/73","targetHints":{"allow":["GET"]}}],"collection":[{"href":"https:\/\/ayainstalexpert.ro\/index.php\/wp-json\/wp\/v2\/pages"}],"about":[{"href":"https:\/\/ayainstalexpert.ro\/index.php\/wp-json\/wp\/v2\/types\/page"}],"author":[{"embeddable":true,"href":"https:\/\/ayainstalexpert.ro\/index.php\/wp-json\/wp\/v2\/users\/1"}],"replies":[{"embeddable":true,"href":"https:\/\/ayainstalexpert.ro\/index.php\/wp-json\/wp\/v2\/comments?post=73"}],"version-history":[{"count":0,"href":"https:\/\/ayainstalexpert.ro\/index.php\/wp-json\/wp\/v2\/pages\/73\/revisions"}],"wp:attachment":[{"href":"https:\/\/ayainstalexpert.ro\/index.php\/wp-json\/wp\/v2\/media?parent=73"}],"curies":[{"name":"wp","href":"https:\/\/api.w.org\/{rel}","templated":true}]}}