{"id":75,"date":"2025-07-09T12:15:42","date_gmt":"2025-07-09T09:15:42","guid":{"rendered":"https:\/\/ayainstalexpert.ro\/?page_id=75"},"modified":"2025-07-30T11:02:55","modified_gmt":"2025-07-30T08:02:55","slug":"servicii","status":"publish","type":"page","link":"https:\/\/ayainstalexpert.ro\/index.php\/servicii\/","title":{"rendered":"Servicii"},"content":{"rendered":"\n<div class=\"wp-block-essential-blocks-wrapper alignwide  root-eb-wrapper-u9lmaoq\"><div class=\"eb-parent-wrapper eb-parent-eb-wrapper-u9lmaoq \"><div class=\"eb-wrapper-outer eb-wrapper-u9lmaoq\"><div class=\"eb-wrapper-inner\"><div class=\"eb-wrapper-inner-blocks eb-wrapper-align-center\">\n<div class=\"wp-block-essential-blocks-row alignfull  root-eb-row-p417zem\"><div class=\"eb-parent-wrapper eb-parent-eb-row-p417zem \"><div class=\"eb-row-root-container eb-row-p417zem\" data-id=\"eb-row-p417zem\"><div class=\"eb-row-wrapper\"><div class=\"eb-row-inner\">\n<div class=\"wp-block-essential-blocks-column  root-eb-column-m98ll95\"><div class=\"eb-parent-wrapper eb-parent-eb-column-m98ll95 \"><div class=\"eb-column-wrapper eb-column-m98ll95\"><div class=\"eb-column-inner\">\n<div class=\"wp-block-essential-blocks-advanced-image  root-eb-advanced-image-ioxbg45\"><div class=\"eb-parent-wrapper eb-parent-eb-advanced-image-ioxbg45 \"><figure class=\"eb-advanced-image-wrapper eb-advanced-image-ioxbg45 no-effect\" data-id=\"eb-advanced-image-ioxbg45\"><div class=\"eb-image-wrapper\"><div class=\"eb-image-wrapper-inner eb-img-style-rounded\"><img decoding=\"async\" src=\"https:\/\/ayainstalexpert.ro\/wp-content\/uploads\/2025\/07\/man-electrical-technician-working-switchboard-with-fuses.jpg\" alt=\"\"\/><\/div><\/div><\/figure><\/div><\/div>\n<\/div><\/div><\/div><\/div>\n\n\n\n<div class=\"wp-block-essential-blocks-column  root-eb-column-vpfcqm0\"><div class=\"eb-parent-wrapper eb-parent-eb-column-vpfcqm0 \"><div class=\"eb-column-wrapper eb-column-vpfcqm0\"><div class=\"eb-column-inner\">\n<div class=\"wp-block-essential-blocks-advanced-heading  root-eb-advance-heading-zu9r7j8\"><div class=\"eb-parent-wrapper eb-parent-eb-advance-heading-zu9r7j8 \"><div class=\"eb-advance-heading-wrapper eb-advance-heading-zu9r7j8 button-1 undefined\" data-id=\"eb-advance-heading-zu9r7j8\"><h2 class=\"eb-ah-title\"><span class=\"first-title\">Instala\u021bii electrice<\/span><\/h2><p class=\"eb-ah-subtitle\">Execut\u0103m instala\u021bii electrice complete pentru locuin\u021be \u0219i spa\u021bii comerciale, respect\u00e2nd normele de siguran\u021b\u0103 \u00een vigoare. <br><br>Realiz\u0103m de la re\u021bele de alimentare \u0219i tablouri electrice, p\u00e2n\u0103 la prize, iluminat \u0219i automatiz\u0103ri, folosind materiale certificate pentru durabilitate \u0219i protec\u021bie maxim\u0103.<\/p><\/div><\/div><\/div>\n\n\n\n<div class=\"wp-block-essential-blocks-button  root-eb-button-gdyi333\"><div class=\"eb-parent-wrapper eb-parent-eb-button-gdyi333 \"><div class=\"eb-button-wrapper eb-button-alignment eb-button-gdyi333\"><div class=\"eb-button\"><div class=\"eb-button-inner-wrapper \"><a class=\"eb-button-anchor \" href=\"https:\/\/ayainstalexpert.ro\/index.php\/contact\/\" rel=\"noopener\">Contacteaz\u0103-ne<\/a><\/div><\/div><\/div><\/div><\/div>\n<\/div><\/div><\/div><\/div>\n<\/div><\/div><\/div><\/div><\/div>\n\n\n\n<div class=\"wp-block-essential-blocks-row alignfull  root-eb-row-cyd81w7\"><div class=\"eb-parent-wrapper eb-parent-eb-row-cyd81w7 \"><div class=\"eb-row-root-container eb-row-cyd81w7\" data-id=\"eb-row-cyd81w7\"><div class=\"eb-row-wrapper\"><div class=\"eb-row-inner\">\n<div class=\"wp-block-essential-blocks-column  root-eb-column-dozxthr\"><div class=\"eb-parent-wrapper eb-parent-eb-column-dozxthr \"><div class=\"eb-column-wrapper eb-column-dozxthr\"><div class=\"eb-column-inner\">\n<div class=\"wp-block-essential-blocks-advanced-heading  root-eb-advance-heading-flwqumv\"><div class=\"eb-parent-wrapper eb-parent-eb-advance-heading-flwqumv \"><div class=\"eb-advance-heading-wrapper eb-advance-heading-flwqumv button-1 undefined\" data-id=\"eb-advance-heading-flwqumv\"><h2 class=\"eb-ah-title\"><span class=\"first-title\">Instala\u021bii sanitare<\/span><\/h2><p class=\"eb-ah-subtitle\">Mont\u0103m \u0219i moderniz\u0103m re\u021bele de alimentare cu ap\u0103 \u0219i canalizare, sisteme de filtrare \u0219i obiecte sanitare. <br><br>Asigur\u0103m lucr\u0103ri precise, etan\u0219e \u0219i eficiente, astfel \u00eenc\u00e2t s\u0103 ai o alimentare cu ap\u0103 sigur\u0103 \u0219i f\u0103r\u0103 griji.<\/p><\/div><\/div><\/div>\n<\/div><\/div><\/div><\/div>\n\n\n\n<div class=\"wp-block-essential-blocks-column  root-eb-column-lqsteed\"><div class=\"eb-parent-wrapper eb-parent-eb-column-lqsteed \"><div class=\"eb-column-wrapper eb-column-lqsteed\"><div class=\"eb-column-inner\">\n<div class=\"wp-block-essential-blocks-advanced-image  root-eb-advanced-image-fwrtid7\"><div class=\"eb-parent-wrapper eb-parent-eb-advanced-image-fwrtid7 \"><figure class=\"eb-advanced-image-wrapper eb-advanced-image-fwrtid7 no-effect\" data-id=\"eb-advanced-image-fwrtid7\"><div class=\"eb-image-wrapper\"><div class=\"eb-image-wrapper-inner eb-img-style-rounded\"><img decoding=\"async\" src=\"https:\/\/ayainstalexpert.ro\/wp-content\/uploads\/2025\/07\/plumbing-repair-service.jpg\" alt=\"\"\/><\/div><\/div><\/figure><\/div><\/div>\n<\/div><\/div><\/div><\/div>\n<\/div><\/div><\/div><\/div><\/div>\n\n\n\n<div class=\"wp-block-essential-blocks-row alignfull  root-eb-row-qw5qi4u\"><div class=\"eb-parent-wrapper eb-parent-eb-row-qw5qi4u \"><div class=\"eb-row-root-container eb-row-qw5qi4u\" data-id=\"eb-row-qw5qi4u\"><div class=\"eb-row-wrapper\"><div class=\"eb-row-inner\">\n<div class=\"wp-block-essential-blocks-column  root-eb-column-pubjuhy\"><div class=\"eb-parent-wrapper eb-parent-eb-column-pubjuhy \"><div class=\"eb-column-wrapper eb-column-pubjuhy\"><div class=\"eb-column-inner\">\n<div class=\"wp-block-essential-blocks-advanced-image  root-eb-advanced-image-jg8ybsu\"><div class=\"eb-parent-wrapper eb-parent-eb-advanced-image-jg8ybsu \"><figure class=\"eb-advanced-image-wrapper eb-advanced-image-jg8ybsu no-effect\" data-id=\"eb-advanced-image-jg8ybsu\"><div class=\"eb-image-wrapper\"><div class=\"eb-image-wrapper-inner eb-img-style-rounded\"><img decoding=\"async\" src=\"https:\/\/ayainstalexpert.ro\/wp-content\/uploads\/2025\/07\/view-plumber-working-fix-problems.jpg\" alt=\"\"\/><\/div><\/div><\/figure><\/div><\/div>\n<\/div><\/div><\/div><\/div>\n\n\n\n<div class=\"wp-block-essential-blocks-column  root-eb-column-rk4vwse\"><div class=\"eb-parent-wrapper eb-parent-eb-column-rk4vwse \"><div class=\"eb-column-wrapper eb-column-rk4vwse\"><div class=\"eb-column-inner\">\n<div class=\"wp-block-essential-blocks-advanced-heading  root-eb-advance-heading-afg30z5\"><div class=\"eb-parent-wrapper eb-parent-eb-advance-heading-afg30z5 \"><div class=\"eb-advance-heading-wrapper eb-advance-heading-afg30z5 button-1 undefined\" data-id=\"eb-advance-heading-afg30z5\"><h2 class=\"eb-ah-title\"><span class=\"first-title\">Instala\u021bii termice<\/span><\/h2><p class=\"eb-ah-subtitle\">Proiect\u0103m \u0219i instal\u0103m sisteme de \u00eenc\u0103lzire adaptate nevoilor tale: mont\u0103m \u0219i racord\u0103m calorifere, centrale termice, sisteme de \u00eenc\u0103lzire prin \u021bevi PEX-AL sau cupru, fie \u00eengropate, fie aparente, \u00een func\u021bie de necesit\u0103\u021bile spa\u021biului t\u0103u. <br><br>Asigur\u0103m \u0219i servicii de cur\u0103\u021bare, revizie \u0219i mentenan\u021b\u0103 pentru centrale, pentru o func\u021bionare sigur\u0103 \u0219i eficient\u0103. <br><br>Intervenim prompt pentru remedierea oric\u0103ror defec\u021biuni tehnice. <br><br>Punem accent pe randament energetic ridicat \u0219i confort termic optim \u00een fiecare sezon.<\/p><\/div><\/div><\/div>\n<\/div><\/div><\/div><\/div>\n<\/div><\/div><\/div><\/div><\/div>\n\n\n\n<div class=\"wp-block-essential-blocks-row alignfull  root-eb-row-mm6wbt3\"><div class=\"eb-parent-wrapper eb-parent-eb-row-mm6wbt3 \"><div class=\"eb-row-root-container eb-row-mm6wbt3\" data-id=\"eb-row-mm6wbt3\"><div class=\"eb-row-wrapper\"><div class=\"eb-row-inner\">\n<div class=\"wp-block-essential-blocks-column  root-eb-column-9hn9lgh\"><div class=\"eb-parent-wrapper eb-parent-eb-column-9hn9lgh \"><div class=\"eb-column-wrapper eb-column-9hn9lgh\"><div class=\"eb-column-inner\">\n<div class=\"wp-block-essential-blocks-advanced-heading  root-eb-advance-heading-2csjigg\"><div class=\"eb-parent-wrapper eb-parent-eb-advance-heading-2csjigg \"><div class=\"eb-advance-heading-wrapper eb-advance-heading-2csjigg button-1 undefined\" data-id=\"eb-advance-heading-2csjigg\"><h2 class=\"eb-ah-title\"><span class=\"first-title\">Montaj pompe de c\u0103ldur\u0103<\/span><\/h2><p class=\"eb-ah-subtitle\">Instal\u0103m pompe de c\u0103ldur\u0103 aer-ap\u0103 sau sol-ap\u0103, solu\u021bii ecologice \u0219i eficiente pentru \u00eenc\u0103lzire \u0219i preparare ap\u0103 cald\u0103. <br><br>Te ajut\u0103m s\u0103 reduci costurile cu energia \u0219i s\u0103 beneficiezi de un sistem modern, sustenabil.<\/p><\/div><\/div><\/div>\n<\/div><\/div><\/div><\/div>\n\n\n\n<div class=\"wp-block-essential-blocks-column  root-eb-column-379s9u9\"><div class=\"eb-parent-wrapper eb-parent-eb-column-379s9u9 \"><div class=\"eb-column-wrapper eb-column-379s9u9\"><div class=\"eb-column-inner\">\n<div class=\"wp-block-essential-blocks-advanced-image  root-eb-advanced-image-ps9xteh\"><div class=\"eb-parent-wrapper eb-parent-eb-advanced-image-ps9xteh \"><figure class=\"eb-advanced-image-wrapper eb-advanced-image-ps9xteh no-effect\" data-id=\"eb-advanced-image-ps9xteh\"><div class=\"eb-image-wrapper\"><div class=\"eb-image-wrapper-inner eb-img-style-rounded\"><img decoding=\"async\" src=\"https:\/\/ayainstalexpert.ro\/wp-content\/uploads\/2025\/07\/mechanic-holding-manometers-close-up.jpg\" alt=\"\"\/><\/div><\/div><\/figure><\/div><\/div>\n<\/div><\/div><\/div><\/div>\n<\/div><\/div><\/div><\/div><\/div>\n\n\n\n<div class=\"wp-block-essential-blocks-row alignfull  root-eb-row-p4dw6bf\"><div class=\"eb-parent-wrapper eb-parent-eb-row-p4dw6bf \"><div class=\"eb-row-root-container eb-row-p4dw6bf\" data-id=\"eb-row-p4dw6bf\"><div class=\"eb-row-wrapper\"><div class=\"eb-row-inner\">\n<div class=\"wp-block-essential-blocks-column  root-eb-column-v731ls9\"><div class=\"eb-parent-wrapper eb-parent-eb-column-v731ls9 \"><div class=\"eb-column-wrapper eb-column-v731ls9\"><div class=\"eb-column-inner\">\n<div class=\"wp-block-essential-blocks-advanced-image  root-eb-advanced-image-fahbha4\"><div class=\"eb-parent-wrapper eb-parent-eb-advanced-image-fahbha4 \"><figure class=\"eb-advanced-image-wrapper eb-advanced-image-fahbha4 no-effect\" data-id=\"eb-advanced-image-fahbha4\"><div class=\"eb-image-wrapper\"><div class=\"eb-image-wrapper-inner eb-img-style-rounded\"><img decoding=\"async\" src=\"https:\/\/ayainstalexpert.ro\/wp-content\/uploads\/2025\/07\/service-man-instelling-house-heating-system-floor.jpg\" alt=\"\"\/><\/div><\/div><\/figure><\/div><\/div>\n<\/div><\/div><\/div><\/div>\n\n\n\n<div class=\"wp-block-essential-blocks-column  root-eb-column-f0s0oo6\"><div class=\"eb-parent-wrapper eb-parent-eb-column-f0s0oo6 \"><div class=\"eb-column-wrapper eb-column-f0s0oo6\"><div class=\"eb-column-inner\">\n<div class=\"wp-block-essential-blocks-advanced-heading  root-eb-advance-heading-o51rtmy\"><div class=\"eb-parent-wrapper eb-parent-eb-advance-heading-o51rtmy \"><div class=\"eb-advance-heading-wrapper eb-advance-heading-o51rtmy button-1 undefined\" data-id=\"eb-advance-heading-o51rtmy\"><h2 class=\"eb-ah-title\"><span class=\"first-title\">\u00cenc\u0103lzire \u00een pardoseal\u0103<\/span><\/h2><p class=\"eb-ah-subtitle\">Execut\u0103m instala\u021bii de \u00eenc\u0103lzire \u00een pardoseal\u0103 pentru un confort uniform \u0219i un consum optimizat. <br><br>Alegem cele mai bune materiale \u0219i proiect\u0103m re\u021bele adaptate fiec\u0103rui spa\u021biu.<\/p><\/div><\/div><\/div>\n<\/div><\/div><\/div><\/div>\n<\/div><\/div><\/div><\/div><\/div>\n\n\n\n<div class=\"wp-block-essential-blocks-row alignfull  root-eb-row-sc3dw\"><div class=\"eb-parent-wrapper eb-parent-eb-row-sc3dw \"><div class=\"eb-row-root-container eb-row-sc3dw\" data-id=\"eb-row-sc3dw\"><div class=\"eb-row-wrapper\"><div class=\"eb-row-inner\">\n<div class=\"wp-block-essential-blocks-column  root-eb-column-37qp8\"><div class=\"eb-parent-wrapper eb-parent-eb-column-37qp8 \"><div class=\"eb-column-wrapper eb-column-37qp8\"><div class=\"eb-column-inner\">\n<div class=\"wp-block-essential-blocks-advanced-heading  root-eb-advance-heading-3vpju\"><div class=\"eb-parent-wrapper eb-parent-eb-advance-heading-3vpju \"><div class=\"eb-advance-heading-wrapper eb-advance-heading-3vpju button-1 undefined\" data-id=\"eb-advance-heading-3vpju\"><h2 class=\"eb-ah-title\"><span class=\"first-title\">Montaj aer condi\u021bionat<\/span><\/h2><p class=\"eb-ah-subtitle\">Mont\u0103m aparate de aer condi\u021bionat, asigur\u00e2nd instalare corect\u0103, f\u0103r\u0103 pierderi de agent frigorific \u0219i cu pozi\u021bionare optim\u0103 pentru eficien\u021b\u0103 maxim\u0103.<\/p><\/div><\/div><\/div>\n\n\n\n<div class=\"wp-block-essential-blocks-button  root-eb-button-d1saz\"><div class=\"eb-parent-wrapper eb-parent-eb-button-d1saz \"><div class=\"eb-button-wrapper eb-button-alignment eb-button-d1saz\"><div class=\"eb-button\"><div class=\"eb-button-inner-wrapper \"><a class=\"eb-button-anchor \" href=\"https:\/\/ayainstalexpert.ro\/index.php\/contact\/\" rel=\"noopener\">Contacta\u021bi-ne<\/a><\/div><\/div><\/div><\/div><\/div>\n<\/div><\/div><\/div><\/div>\n\n\n\n<div class=\"wp-block-essential-blocks-column  root-eb-column-78heq\"><div class=\"eb-parent-wrapper eb-parent-eb-column-78heq \"><div class=\"eb-column-wrapper eb-column-78heq\"><div class=\"eb-column-inner\">\n<div class=\"wp-block-essential-blocks-advanced-image  root-eb-advanced-image-znw51\"><div class=\"eb-parent-wrapper eb-parent-eb-advanced-image-znw51 \"><figure class=\"eb-advanced-image-wrapper eb-advanced-image-znw51 no-effect\" data-id=\"eb-advanced-image-znw51\"><div class=\"eb-image-wrapper\"><div class=\"eb-image-wrapper-inner eb-img-style-rounded\"><img decoding=\"async\" src=\"https:\/\/ayainstalexpert.ro\/wp-content\/uploads\/2025\/07\/checking-conditioner.jpg\" alt=\"\"\/><\/div><\/div><\/figure><\/div><\/div>\n<\/div><\/div><\/div><\/div>\n<\/div><\/div><\/div><\/div><\/div>\n\n\n\n<div class=\"wp-block-essential-blocks-row alignfull  root-eb-row-h30aw\"><div class=\"eb-parent-wrapper eb-parent-eb-row-h30aw \"><div class=\"eb-row-root-container eb-row-h30aw\" data-id=\"eb-row-h30aw\"><div class=\"eb-row-wrapper\"><div class=\"eb-row-inner\">\n<div class=\"wp-block-essential-blocks-column  root-eb-column-bdnz5\"><div class=\"eb-parent-wrapper eb-parent-eb-column-bdnz5 \"><div class=\"eb-column-wrapper eb-column-bdnz5\"><div class=\"eb-column-inner\">\n<div class=\"wp-block-essential-blocks-advanced-image  root-eb-advanced-image-ubk6a\"><div class=\"eb-parent-wrapper eb-parent-eb-advanced-image-ubk6a \"><figure class=\"eb-advanced-image-wrapper eb-advanced-image-ubk6a no-effect\" data-id=\"eb-advanced-image-ubk6a\"><div class=\"eb-image-wrapper\"><div class=\"eb-image-wrapper-inner eb-img-style-rounded\"><img decoding=\"async\" src=\"https:\/\/ayainstalexpert.ro\/wp-content\/uploads\/2025\/07\/modern-kitchen-stove-natural-gas-burns-with-blue-flame-household-gas-consumption-close-up-selective-focus.jpg\" alt=\"\"\/><\/div><\/div><\/figure><\/div><\/div>\n<\/div><\/div><\/div><\/div>\n\n\n\n<div class=\"wp-block-essential-blocks-column  root-eb-column-6nuca\"><div class=\"eb-parent-wrapper eb-parent-eb-column-6nuca \"><div class=\"eb-column-wrapper eb-column-6nuca\"><div class=\"eb-column-inner\">\n<div class=\"wp-block-essential-blocks-advanced-heading  root-eb-advance-heading-cmquh\"><div class=\"eb-parent-wrapper eb-parent-eb-advance-heading-cmquh \"><div class=\"eb-advance-heading-wrapper eb-advance-heading-cmquh button-1 undefined\" data-id=\"eb-advance-heading-cmquh\"><h2 class=\"eb-ah-title\"><span class=\"first-title\">Instala\u021bii gaze<\/span><\/h2><p class=\"eb-ah-subtitle\">AYA INSTAL EXPERT de\u021bine autoriza\u021bie ANRE tip EGIU, care ne permite executarea instala\u021biilor de utilizare a gazelor naturale, at\u00e2t interioare c\u00e2t \u0219i exterioare. <br><br>Astfel, garant\u0103m clien\u021bilor lucr\u0103ri conforme cu normele tehnice, sigure \u0219i preg\u0103tite pentru avizare \u0219i punere \u00een func\u021biune.<\/p><\/div><\/div><\/div>\n<\/div><\/div><\/div><\/div>\n<\/div><\/div><\/div><\/div><\/div>\n<\/div><\/div><\/div><\/div><\/div>\n\n\n\n<div class=\"wp-block-essential-blocks-wrapper alignfull  root-eb-wrapper-qezzhue\"><div class=\"eb-parent-wrapper eb-parent-eb-wrapper-qezzhue \"><div class=\"eb-wrapper-outer eb-wrapper-qezzhue\"><div class=\"eb-wrapper-inner\"><div class=\"eb-wrapper-inner-blocks eb-wrapper-align-center\">\n<div class=\"wp-block-essential-blocks-row alignfull  root-eb-row-c82a8qu\"><div class=\"eb-parent-wrapper eb-parent-eb-row-c82a8qu \"><div class=\"eb-row-root-container eb-row-c82a8qu\" data-id=\"eb-row-c82a8qu\"><div class=\"eb-row-wrapper\"><div class=\"eb-row-inner\">\n<div class=\"wp-block-essential-blocks-column  root-eb-column-xv2d202\"><div class=\"eb-parent-wrapper eb-parent-eb-column-xv2d202 \"><div class=\"eb-column-wrapper eb-column-xv2d202\"><div class=\"eb-column-inner\">\n<div class=\"wp-block-essential-blocks-advanced-heading  root-eb-advance-heading-7dki3uf\"><div class=\"eb-parent-wrapper eb-parent-eb-advance-heading-7dki3uf \"><div class=\"eb-advance-heading-wrapper eb-advance-heading-7dki3uf button-1 undefined\" data-id=\"eb-advance-heading-7dki3uf\"><h2 class=\"eb-ah-title\"><span class=\"first-title\">Nu ezita\u021bi s\u0103 ne contacta\u021bi pentru orice informa\u021bii<\/span><\/h2><p class=\"eb-ah-subtitle\">Suna\u021bi-ne la acest num\u0103r +40748434333<\/p><\/div><\/div><\/div>\n\n\n\n<div class=\"wp-block-essential-blocks-button  root-eb-button-bxz3j8g\"><div class=\"eb-parent-wrapper eb-parent-eb-button-bxz3j8g \"><div class=\"eb-button-wrapper eb-button-alignment eb-button-bxz3j8g\"><div class=\"eb-button\"><div class=\"eb-button-inner-wrapper \"><a class=\"eb-button-anchor \" href=\"https:\/\/ayainstalexpert.ro\/index.php\/contact\/\" rel=\"noopener\">contact<\/a><\/div><\/div><\/div><\/div><\/div>\n<\/div><\/div><\/div><\/div>\n\n\n\n<div class=\"wp-block-essential-blocks-column  root-eb-column-vypa0cr\"><div class=\"eb-parent-wrapper eb-parent-eb-column-vypa0cr \"><div class=\"eb-column-wrapper eb-column-vypa0cr\"><div class=\"eb-column-inner\">\n<div class=\"wp-block-essential-blocks-advanced-image  root-eb-advanced-image-nbje2eq\"><div class=\"eb-parent-wrapper eb-parent-eb-advanced-image-nbje2eq \"><figure class=\"eb-advanced-image-wrapper eb-advanced-image-nbje2eq no-effect\" data-id=\"eb-advanced-image-nbje2eq\"><div class=\"eb-image-wrapper\"><div class=\"eb-image-wrapper-inner eb-img-style-rounded\"><img decoding=\"async\" src=\"https:\/\/ayainstalexpert.ro\/wp-content\/uploads\/2025\/07\/businesswoman-looking-important-contact-phone.jpg\" alt=\"\"\/><\/div><\/div><\/figure><\/div><\/div>\n<\/div><\/div><\/div><\/div>\n<\/div><\/div><\/div><\/div><\/div>\n<\/div><\/div><\/div><\/div><\/div>\n","protected":false},"excerpt":{"rendered":"","protected":false},"author":1,"featured_media":0,"parent":0,"menu_order":0,"comment_status":"closed","ping_status":"closed","template":"","meta":{"_eb_attr":"","_uag_custom_page_level_css":"","_themeisle_gutenberg_block_has_review":false,"footnotes":""},"class_list":["post-75","page","type-page","status-publish","hentry"],"featured_image_src":null,"uagb_featured_image_src":{"full":false,"thumbnail":false,"medium":false,"medium_large":false,"large":false,"1536x1536":false,"2048x2048":false},"uagb_author_info":{"display_name":"admin","author_link":"https:\/\/ayainstalexpert.ro\/index.php\/author\/ayainsta\/"},"uagb_comment_info":0,"uagb_excerpt":null,"_links":{"self":[{"href":"https:\/\/ayainstalexpert.ro\/index.php\/wp-json\/wp\/v2\/pages\/75","targetHints":{"allow":["GET"]}}],"collection":[{"href":"https:\/\/ayainstalexpert.ro\/index.php\/wp-json\/wp\/v2\/pages"}],"about":[{"href":"https:\/\/ayainstalexpert.ro\/index.php\/wp-json\/wp\/v2\/types\/page"}],"author":[{"embeddable":true,"href":"https:\/\/ayainstalexpert.ro\/index.php\/wp-json\/wp\/v2\/users\/1"}],"replies":[{"embeddable":true,"href":"https:\/\/ayainstalexpert.ro\/index.php\/wp-json\/wp\/v2\/comments?post=75"}],"version-history":[{"count":0,"href":"https:\/\/ayainstalexpert.ro\/index.php\/wp-json\/wp\/v2\/pages\/75\/revisions"}],"wp:attachment":[{"href":"https:\/\/ayainstalexpert.ro\/index.php\/wp-json\/wp\/v2\/media?parent=75"}],"curies":[{"name":"wp","href":"https:\/\/api.w.org\/{rel}","templated":true}]}}